{"id":576,"date":"2017-09-07T10:43:36","date_gmt":"2017-09-07T08:43:36","guid":{"rendered":"https:\/\/twojkucharz.pl\/dla-biur\/"},"modified":"2026-03-22T14:55:38","modified_gmt":"2026-03-22T13:55:38","slug":"for-agencies","status":"publish","type":"page","link":"https:\/\/twojkucharz.pl\/en\/for-agencies\/","title":{"rendered":"For agencies"},"content":{"rendered":"","protected":false},"excerpt":{"rendered":"","protected":false},"author":3,"featured_media":0,"parent":0,"menu_order":0,"comment_status":"closed","ping_status":"closed","template":"page-foroffice.php","meta":{"_acf_changed":false,"footnotes":""},"class_list":["post-576","page","type-page","status-publish","hentry"],"acf":[],"yoast_head":"<!-- This site is optimized with the Yoast SEO plugin v26.0 - https:\/\/yoast.com\/wordpress\/plugins\/seo\/ -->\n<title>Live cooking Cracow | Gotowanie na \u017cywo | Tw\u00f3j Kucharz<\/title>\n<meta name=\"robots\" content=\"index, follow, max-snippet:-1, max-image-preview:large, max-video-preview:-1\" \/>\n<link rel=\"canonical\" href=\"https:\/\/twojkucharz.pl\/en\/for-agencies\/\" \/>\n<meta property=\"og:locale\" content=\"en_US\" \/>\n<meta property=\"og:type\" content=\"article\" \/>\n<meta property=\"og:title\" content=\"Live cooking Cracow | Gotowanie na \u017cywo | Tw\u00f3j Kucharz\" \/>\n<meta property=\"og:url\" content=\"https:\/\/twojkucharz.pl\/en\/for-agencies\/\" \/>\n<meta property=\"og:site_name\" content=\"Warsztaty, imprezy kulinarne | Grille, pikniki, integracje firmowe | Tw\u00f3j Kucharz\" \/>\n<meta property=\"article:modified_time\" content=\"2026-03-22T13:55:38+00:00\" \/>\n<meta name=\"twitter:card\" content=\"summary_large_image\" \/>\n<meta name=\"twitter:label1\" content=\"Est. reading time\" \/>\n\t<meta name=\"twitter:data1\" content=\"1 minute\" \/>\n<script type=\"application\/ld+json\" class=\"yoast-schema-graph\">{\"@context\":\"https:\/\/schema.org\",\"@graph\":[{\"@type\":\"WebPage\",\"@id\":\"https:\/\/twojkucharz.pl\/en\/for-agencies\/\",\"url\":\"https:\/\/twojkucharz.pl\/en\/for-agencies\/\",\"name\":\"Live cooking Cracow | Gotowanie na \u017cywo | Tw\u00f3j Kucharz\",\"isPartOf\":{\"@id\":\"http:\/\/twojkucharz.pl\/#website\"},\"datePublished\":\"2017-09-07T08:43:36+00:00\",\"dateModified\":\"2026-03-22T13:55:38+00:00\",\"breadcrumb\":{\"@id\":\"https:\/\/twojkucharz.pl\/en\/for-agencies\/#breadcrumb\"},\"inLanguage\":\"en-US\",\"potentialAction\":[{\"@type\":\"ReadAction\",\"target\":[\"https:\/\/twojkucharz.pl\/en\/for-agencies\/\"]}]},{\"@type\":\"BreadcrumbList\",\"@id\":\"https:\/\/twojkucharz.pl\/en\/for-agencies\/#breadcrumb\",\"itemListElement\":[{\"@type\":\"ListItem\",\"position\":1,\"name\":\"Strona g\u0142\u00f3wna\",\"item\":\"https:\/\/twojkucharz.pl\/en\/\"},{\"@type\":\"ListItem\",\"position\":2,\"name\":\"For agencies\"}]},{\"@type\":\"WebSite\",\"@id\":\"http:\/\/twojkucharz.pl\/#website\",\"url\":\"http:\/\/twojkucharz.pl\/\",\"name\":\"Warsztaty, imprezy kulinarne | Grille, pikniki, integracje firmowe | Tw\u00f3j Kucharz\",\"description\":\"Chcesz zorganizowa\u0107 niezapomnian\u0105 integracj\u0119 Twoje firmy? Grill, piknik lub poka\u017c kulinarny? Interesuj\u0105 Ci\u0119 warsztaty gotowania? Wejd\u017a i poznaj nasz\u0105 ofert\u0119! | twojkucharz.pl\",\"potentialAction\":[{\"@type\":\"SearchAction\",\"target\":{\"@type\":\"EntryPoint\",\"urlTemplate\":\"http:\/\/twojkucharz.pl\/?s={search_term_string}\"},\"query-input\":{\"@type\":\"PropertyValueSpecification\",\"valueRequired\":true,\"valueName\":\"search_term_string\"}}],\"inLanguage\":\"en-US\"}]}<\/script>\n<!-- \/ Yoast SEO plugin. -->","yoast_head_json":{"title":"Live cooking Cracow | Gotowanie na \u017cywo | Tw\u00f3j Kucharz","robots":{"index":"index","follow":"follow","max-snippet":"max-snippet:-1","max-image-preview":"max-image-preview:large","max-video-preview":"max-video-preview:-1"},"canonical":"https:\/\/twojkucharz.pl\/en\/for-agencies\/","og_locale":"en_US","og_type":"article","og_title":"Live cooking Cracow | Gotowanie na \u017cywo | Tw\u00f3j Kucharz","og_url":"https:\/\/twojkucharz.pl\/en\/for-agencies\/","og_site_name":"Warsztaty, imprezy kulinarne | Grille, pikniki, integracje firmowe | Tw\u00f3j Kucharz","article_modified_time":"2026-03-22T13:55:38+00:00","twitter_card":"summary_large_image","twitter_misc":{"Est. reading time":"1 minute"},"schema":{"@context":"https:\/\/schema.org","@graph":[{"@type":"WebPage","@id":"https:\/\/twojkucharz.pl\/en\/for-agencies\/","url":"https:\/\/twojkucharz.pl\/en\/for-agencies\/","name":"Live cooking Cracow | Gotowanie na \u017cywo | Tw\u00f3j Kucharz","isPartOf":{"@id":"http:\/\/twojkucharz.pl\/#website"},"datePublished":"2017-09-07T08:43:36+00:00","dateModified":"2026-03-22T13:55:38+00:00","breadcrumb":{"@id":"https:\/\/twojkucharz.pl\/en\/for-agencies\/#breadcrumb"},"inLanguage":"en-US","potentialAction":[{"@type":"ReadAction","target":["https:\/\/twojkucharz.pl\/en\/for-agencies\/"]}]},{"@type":"BreadcrumbList","@id":"https:\/\/twojkucharz.pl\/en\/for-agencies\/#breadcrumb","itemListElement":[{"@type":"ListItem","position":1,"name":"Strona g\u0142\u00f3wna","item":"https:\/\/twojkucharz.pl\/en\/"},{"@type":"ListItem","position":2,"name":"For agencies"}]},{"@type":"WebSite","@id":"http:\/\/twojkucharz.pl\/#website","url":"http:\/\/twojkucharz.pl\/","name":"Warsztaty, imprezy kulinarne | Grille, pikniki, integracje firmowe | Tw\u00f3j Kucharz","description":"Chcesz zorganizowa\u0107 niezapomnian\u0105 integracj\u0119 Twoje firmy? Grill, piknik lub poka\u017c kulinarny? Interesuj\u0105 Ci\u0119 warsztaty gotowania? Wejd\u017a i poznaj nasz\u0105 ofert\u0119! | twojkucharz.pl","potentialAction":[{"@type":"SearchAction","target":{"@type":"EntryPoint","urlTemplate":"http:\/\/twojkucharz.pl\/?s={search_term_string}"},"query-input":{"@type":"PropertyValueSpecification","valueRequired":true,"valueName":"search_term_string"}}],"inLanguage":"en-US"}]}},"publishpress_future_action":{"enabled":false,"date":"2026-05-08 18:05:08","action":"change-status","newStatus":"draft","terms":[],"taxonomy":"translation_priority","extraData":[]},"publishpress_future_workflow_manual_trigger":{"enabledWorkflows":[]},"_links":{"self":[{"href":"https:\/\/twojkucharz.pl\/en\/wp-json\/wp\/v2\/pages\/576","targetHints":{"allow":["GET"]}}],"collection":[{"href":"https:\/\/twojkucharz.pl\/en\/wp-json\/wp\/v2\/pages"}],"about":[{"href":"https:\/\/twojkucharz.pl\/en\/wp-json\/wp\/v2\/types\/page"}],"author":[{"embeddable":true,"href":"https:\/\/twojkucharz.pl\/en\/wp-json\/wp\/v2\/users\/3"}],"replies":[{"embeddable":true,"href":"https:\/\/twojkucharz.pl\/en\/wp-json\/wp\/v2\/comments?post=576"}],"version-history":[{"count":3,"href":"https:\/\/twojkucharz.pl\/en\/wp-json\/wp\/v2\/pages\/576\/revisions"}],"predecessor-version":[{"id":1269,"href":"https:\/\/twojkucharz.pl\/en\/wp-json\/wp\/v2\/pages\/576\/revisions\/1269"}],"wp:attachment":[{"href":"https:\/\/twojkucharz.pl\/en\/wp-json\/wp\/v2\/media?parent=576"}],"curies":[{"name":"wp","href":"https:\/\/api.w.org\/{rel}","templated":true}]}}